{"id":38,"date":"2021-09-05T22:05:03","date_gmt":"2021-09-05T22:05:03","guid":{"rendered":"https:\/\/loboandco.com\/?page_id=38"},"modified":"2025-08-18T16:17:21","modified_gmt":"2025-08-18T22:17:21","slug":"contact","status":"publish","type":"page","link":"https:\/\/loboandco.com\/es\/contact\/","title":{"rendered":"Contacto"},"content":{"rendered":"<section class=\"bde-section-38-149 bde-section\">\n  \n  \n\t\n\n\n\n        <div class=\"section-shape-divider-wrapper section-shape-divider-wrapper--1\">\n          <span class=\"section-shape-divider\">\n                      <svg\n                xmlns=\"http:\/\/www.w3.org\/2000\/svg\"\n                viewbox=\"0 0 1440 320\"\n                preserveaspectratio=\"none\"\n            >\n              <g id=\"Shark-Teeths-V2\" stroke=\"none\" stroke-width=\"1\" fill=\"none\" fill-rule=\"evenodd\">\n                    <polygon fill=\"currentColor\" points=\"1410 160 1420 240 1430 209 1440 240 1440 320 0 320 0 240 10 160 20 240 30 209 40 240 50 160 60 240 70 209 80 240 90 160 100 240 110 209 120 240 130 160 140 240 150 209 160 240 170 160 180 240 190 209 200 240 210 160 220 240 230 209 240 240 250 160 260 240 270 209 280 240 290 160 300 240 310 209 320 240 330 160 340 240 350 209 360 240 370 160 380 240 390 209 400 240 410 160 420 240 430 209 440 240 450 160 460 240 470 209 480 240 490 160 500 240 510 209 520 240 530 160 540 240 550 209 560 240 570 160 580 240 590 209 600 240 610 160 620 240 630 209 640 240 650 160 660 240 670 209 680 240 690 160 700 240 710 209 720 240 730 160 740 240 750 209 760 240 770 160 780 240 790 209 800 240 810 160 820 240 830 209 840 240 850 160 860 240 870 209 880 240 890 160 900 240 910 209 920 240 930 160 940 240 950 209 960 240 970 160 980 240 990 209 1000 240 1010 160 1020 240 1030 209 1040 240 1050 160 1060 240 1070 209 1080 240 1090 160 1100 240 1110 209 1120 240 1130 160 1140 240 1150 209 1160 240 1170 160 1180 240 1190 209 1200 240 1210 160 1220 240 1230 209 1240 240 1250 160 1260 240 1270 209 1280 240 1290 160 1300 240 1310 209 1320 240 1330 160 1340 240 1350 209 1360 240 1370 160 1380 240 1390 209 1400 240\"><\/polygon>\n                <\/g>\n            <\/svg>\n                    <\/span>\n      <\/div>\n  <div class=\"section-container\"><div class=\"bde-div-38-150 bde-div\">\n  \n  \n\t\n\n\n\n<h2 class=\"bde-heading-38-151 bde-heading\" data-parallax=\"true\">\nContacto\n<\/h2>\n<\/div><div class=\"bde-fancy-divider-38-168 bde-fancy-divider\">\n\n\n<div class=\"bde-fancy-divider__wrapper\">\n  <div class=\"bde-fancy-divider__separator\">\n  \t  <\/div>\n<\/div>\n\n<\/div><div class=\"bde-div-38-152 bde-div\">\n  \n  \n\t\n\n\n\n<div class=\"bde-div-38-153 bde-div\">\n  \n  \n\t\n\n\n\n<h2 class=\"bde-heading-38-164 bde-heading\">\n\u00bfListo para llevar tu negocio al siguiente nivel?\n<\/h2><div class=\"bde-globalblock-38-170 bde-globalblock\"><div class=\"bde-div-296151-100-296151-1 bde-div bde-div-296151-100\">\n  \n  \n\t\n\n\n\n<div class=\"bde-button-296151-101-296151-1 bde-button bde-button-296151-101\">\n    \n                        \n                        \n    \n    \n    \n    \n            \n                    \n            \n            \n\n    \n    \n    \n    \n    \n    <a class=\"breakdance-link button-atom button-atom--custom bde-button__button\" href=\"tel:8006887179\" target=\"_blank\" data-type=\"url\"  >\n\n    \n        <span class=\"button-atom__text\">Ll\u00e1menos al 800-688-7179<\/span>\n\n                            \n        \n                <\/a>\n\n    \n\n\n<\/div><div class=\"bde-rich-text-296151-102-296151-1 bde-rich-text bde-rich-text-296151-102 breakdance-rich-text-styles\">\n<p><strong><u>Horario laboral<\/u><\/strong>: De lunes a domingo, de 8:00 a. m. a 8:00 p. m.<\/p>\n<\/div>\n<\/div><\/div><div class=\"bde-div-38-154 bde-div\">\n  \n  \n\t\n\n\n\n<div class=\"bde-text-38-163 bde-text\">\nHablemos sobre c\u00f3mo podemos impulsar el crecimiento de su negocio. Ya sea que prefiera una llamada r\u00e1pida, un correo electr\u00f3nico o llenar el formulario aqu\u00ed mismo, estamos a solo un paso y listos para ayudarle. <i><b>\u00a1Ponte en contacto con nosotros y hagamos realidad tus proyectos!<\/b><\/i>\n<\/div><div class=\"de-ff-38-167 de-ff\"><div class='fluentform ff-default fluentform_wrapper_5 ffs_default_wrap'><form data-form_id=\"5\" id=\"fluentform_5\" class=\"frm-fluent-form fluent_form_5 ff-el-form-top ff_form_instance_5_1 ff-form-loading ffs_default\" data-form_instance=\"ff_form_instance_5_1\" method=\"POST\" data-turnstile_key=\"0x4AAAAAAA5LQmz2apQ_piUI\" action=\"\" ><fieldset  style=\"border: none!important;margin: 0!important;padding: 0!important;background-color: transparent!important;box-shadow: none!important;outline: none!important; min-inline-size: 100%;\">\n                    <legend class=\"ff_screen_reader_title\" style=\"display: block; margin: 0!important;padding: 0!important;height: 0!important;text-indent: -999999px;width: 0!important;overflow:hidden;\">Formulario de contacto general<\/legend><input type='hidden' name='__fluent_form_embded_post_id' value='38' \/><input type=\"hidden\" id=\"_fluentform_5_fluentformnonce\" name=\"_fluentform_5_fluentformnonce\" value=\"48e943a3dd\" \/><input type=\"hidden\" name=\"_wp_http_referer\" value=\"\/es\/wp-json\/wp\/v2\/pages\/38\" \/><div data-name=\"ff_cn_id_1\"  class='ff-t-container ff-column-container ff_columns_total_2'><div class='ff-t-cell ff-t-column-1' style='flex-basis: 50%;'><div class='ff-el-group'><div class=\"ff-el-input--label ff-el-is-required asterisk-right\"><label for='ff_5_input_text' id='label_ff_5_input_text' aria-label=\"Nombre de la empresa\">Nombre de la empresa<\/label><\/div><div class='ff-el-input--content'><input type=\"text\" name=\"input_text\" class=\"ff-el-form-control\" placeholder=\"Nombre de la empresa\" data-name=\"input_text\" id=\"ff_5_input_text\"  aria-invalid=\"false\" aria-required=\"true\"><\/div><\/div><\/div><div class='ff-t-cell ff-t-column-2' style='flex-basis: 50%;'><div class='ff-el-group'><div class=\"ff-el-input--label ff-el-is-required asterisk-right\"><label for='ff_5_input_text_1' id='label_ff_5_input_text_1' aria-label=\"Su industria\">Su industria<\/label><\/div><div class='ff-el-input--content'><input type=\"text\" name=\"input_text_1\" class=\"ff-el-form-control\" placeholder=\"Servicios para el hogar, climatizaci\u00f3n, salud, etc.\" data-name=\"input_text_1\" id=\"ff_5_input_text_1\"  aria-invalid=\"false\" aria-required=\"true\"><\/div><\/div><\/div><\/div><div data-type=\"name-element\" data-name=\"names\" class=\"ff-field_container ff-name-field-wrapper\" ><div class='ff-t-container'><div class='ff-t-cell'><div class='ff-el-group ff-el-form-top'><div class=\"ff-el-input--label asterisk-right\"><label for='ff_5_names_first_name_' id='label_ff_5_names_first_name_' >Nombre<\/label><\/div><div class='ff-el-input--content'><input type=\"text\" name=\"names[first_name]\" id=\"ff_5_names_first_name_\" class=\"ff-el-form-control\" placeholder=\"Ingrese su nombre\" aria-invalid=\"false\" aria-required=\"false\"><\/div><\/div><\/div><div class='ff-t-cell'><div class='ff-el-group ff-el-form-top'><div class=\"ff-el-input--label asterisk-right\"><label for='ff_5_names_last_name_' id='label_ff_5_names_last_name_' >Apellido<\/label><\/div><div class='ff-el-input--content'><input type=\"text\" name=\"names[last_name]\" id=\"ff_5_names_last_name_\" class=\"ff-el-form-control\" placeholder=\"Ingrese su apellido\" aria-invalid=\"false\" aria-required=\"false\"><\/div><\/div><\/div><\/div><\/div><div data-name=\"ff_cn_id_2\"  class='ff-t-container ff-column-container ff_columns_total_2'><div class='ff-t-cell ff-t-column-1' style='flex-basis: 50%;'><div class='ff-el-group'><div class=\"ff-el-input--label ff-el-is-required asterisk-right\"><label for='ff_5_email' id='label_ff_5_email' aria-label=\"Correo electr\u00f3nico\">Correo electr\u00f3nico<\/label><\/div><div class='ff-el-input--content'><input type=\"email\" name=\"email\" id=\"ff_5_email\" class=\"ff-el-form-control\" placeholder=\"Direcci\u00f3n de correo electr\u00f3nico\" data-name=\"email\"  aria-invalid=\"false\" aria-required=\"true\"><\/div><\/div><\/div><div class='ff-t-cell ff-t-column-2' style='flex-basis: 50%;'><div class='ff-el-group'><div class=\"ff-el-input--label ff-el-is-required asterisk-right\"><label for='ff_5_numeric_field' id='label_ff_5_numeric_field' aria-label=\"N\u00famero de tel\u00e9fono\">N\u00famero de tel\u00e9fono<\/label><\/div><div class='ff-el-input--content'><input type=\"number\" name=\"numeric_field\" id=\"ff_5_numeric_field\" class=\"ff-el-form-control\" placeholder=\"N\u00famero de tel\u00e9fono\" data-name=\"numeric_field\" inputmode=\"numeric\" step=\"any\"  aria-invalid=\"false\" aria-required=\"true\"><\/div><\/div><\/div><\/div><div class='ff-el-group'><div class=\"ff-el-input--label asterisk-right\"><label for='ff_5_description' id='label_ff_5_description' aria-label=\"Cu\u00e9ntame m\u00e1s sobre este proyecto.\">Cu\u00e9ntame m\u00e1s sobre este proyecto.<\/label><\/div><div class='ff-el-input--content'><textarea aria-required=\"false\" aria-labelledby=\"label_ff_5_description\" name=\"description\" id=\"ff_5_description\" class=\"ff-el-form-control\" placeholder=\"\u00bfCu\u00e1les son las necesidades de su negocio, sus objetivos, etc.?.\" rows=\"3\" cols=\"2\" data-name=\"description\" ><\/textarea><\/div><\/div><div class='ff-el-group' style='margin-bottom: 0;'><div class='ff-el-input--content'><div data-fluent_id='5' name='cf-turnstile-response'><div\n\t\tdata-sitekey='0x4AAAAAAA5LQmz2apQ_piUI'\n\t\tdata-theme='light'\n\t\tid='fluentform-turnstile-5-1'\n\t\tclass='ff-el-turnstile cf-turnstile'\n\t\tdata-appearance='interaction-only'><\/div><\/div><\/div><\/div><div class='ff-el-group ff-text-left ff_submit_btn_wrapper'><button type=\"submit\" class=\"ff-btn ff-btn-submit ff-btn-md ff_btn_style\"  aria-label=\"Empecemos hoy mismo\">Empecemos hoy mismo<\/button><\/div><\/fieldset><input type=\"hidden\" name=\"trp-form-language\" value=\"es\"\/><\/form><div id='fluentform_5_errors' class='ff-errors-in-stack ff_form_instance_5_1 ff-form-loading_errors ff_form_instance_5_1_errors'><\/div><\/div>            <script type=\"text\/javascript\">\n                window.fluent_form_ff_form_instance_5_1 = {\"id\":\"5\",\"settings\":{\"layout\":{\"labelPlacement\":\"top\",\"asteriskPlacement\":\"asterisk-right\",\"helpMessagePlacement\":\"with_label\",\"errorMessagePlacement\":\"inline\",\"cssClassName\":\"\"},\"restrictions\":{\"denyEmptySubmission\":{\"enabled\":false}}},\"form_instance\":\"ff_form_instance_5_1\",\"form_id_selector\":\"fluentform_5\",\"rules\":{\"input_text\":{\"required\":{\"value\":true,\"message\":\"This field is required\",\"global_message\":\"This field is required\",\"global\":true}},\"input_text_1\":{\"required\":{\"value\":true,\"message\":\"This field is required\",\"global_message\":\"This field is required\",\"global\":true}},\"names[first_name]\":{\"required\":{\"value\":false,\"message\":\"This field is required\",\"global_message\":\"This field is required\",\"global\":true}},\"names[middle_name]\":{\"required\":{\"value\":false,\"message\":\"This field is required\",\"global_message\":\"This field is required\",\"global\":true}},\"names[last_name]\":{\"required\":{\"value\":false,\"message\":\"This field is required\",\"global_message\":\"This field is required\",\"global\":true}},\"email\":{\"required\":{\"value\":true,\"message\":\"This field is required\",\"global_message\":\"This field is required\",\"global\":true},\"email\":{\"value\":true,\"message\":\"This field must contain a valid email\",\"global_message\":\"This field must contain a valid email\",\"global\":true}},\"numeric_field\":{\"required\":{\"value\":true,\"message\":\"This field is required\",\"global_message\":\"This field is required\",\"global\":true},\"numeric\":{\"value\":true,\"message\":\"This field must contain numeric value\",\"global_message\":\"This field must contain numeric value\",\"global\":true},\"min\":{\"value\":\"\",\"message\":\"Validation fails for minimum value\",\"global_message\":\"Validation fails for minimum value\",\"global\":true},\"max\":{\"value\":\"\",\"message\":\"Validation fails for maximum value\",\"global_message\":\"Validation fails for maximum value\",\"global\":true},\"digits\":{\"value\":\"\",\"message\":\"Validation fails for limited digits\",\"global_message\":\"Validation fails for limited digits\",\"global\":true}},\"description\":{\"required\":{\"value\":false,\"message\":\"This field is required\",\"global_message\":\"This field is required\",\"global\":true}},\"cf-turnstile-response\":[]},\"debounce_time\":300};\n                            <\/script>\n            \r\n<\/div>\n<\/div>\n<\/div><div class=\"bde-div-38-160 bde-div\">\n  \n  \n\t\n\n\n\n<div class=\"bde-image-38-161 bde-image\" data-parallax=\"true\">\n<figure class=\"breakdance-image breakdance-image--295816\">\n\t<div class=\"breakdance-image-container\">\n\t\t<div class=\"breakdance-image-clip\"><img decoding=\"async\" class=\"breakdance-image-object\" src=\"https:\/\/loboandco.com\/wp-content\/uploads\/2025\/01\/Lobo-Conact-call.png\" width=\"700\" height=\"700\" srcset=\"https:\/\/loboandco.com\/wp-content\/uploads\/2025\/01\/Lobo-Conact-call.png 700w, https:\/\/loboandco.com\/wp-content\/uploads\/2025\/01\/Lobo-Conact-call-300x300.png 300w, https:\/\/loboandco.com\/wp-content\/uploads\/2025\/01\/Lobo-Conact-call-150x150.png 150w, https:\/\/loboandco.com\/wp-content\/uploads\/2025\/01\/Lobo-Conact-call-500x500.png 500w, https:\/\/loboandco.com\/wp-content\/uploads\/2025\/01\/Lobo-Conact-call-600x600.png 600w\" sizes=\"(max-width: 700px) 100vw, 700px\" alt=\"Lobo Conact call\" title=\"\"><\/div>\n\t<\/div><\/figure>\n\n<\/div><div class=\"bde-image-38-166 bde-image\" data-parallax=\"true\">\n<figure class=\"breakdance-image breakdance-image--294361\">\n\t<div class=\"breakdance-image-container\">\n\t\t<div class=\"breakdance-image-clip\"><img decoding=\"async\" class=\"breakdance-image-object\" src=\"https:\/\/loboandco.com\/wp-content\/uploads\/2024\/09\/Lobo-content-mobil.webp\" width=\"525\" height=\"365\" srcset=\"https:\/\/loboandco.com\/wp-content\/uploads\/2024\/09\/Lobo-content-mobil.webp 525w, https:\/\/loboandco.com\/wp-content\/uploads\/2024\/09\/Lobo-content-mobil-300x209.webp 300w\" sizes=\"(max-width: 525px) 100vw, 525px\" alt=\"Lobo content mobil\" title=\"\"><\/div>\n\t<\/div><\/figure>\n\n<\/div>\n<\/div>\n<\/div><\/div>\n<\/section>","protected":false},"excerpt":{"rendered":"<p>Contact Ready to Take Your Business to the Next Level? Call us 800-688-7179 Working Hours: Mon \u2013 Sun 8:00 a.m. \u2013 8:00 p.m. Let\u2019s chat about how we can fuel your business growth. Whether you prefer a quick call, an email, or filling out the form right here, we\u2019re just a step away and ready [&hellip;]<\/p>","protected":false},"author":1,"featured_media":0,"parent":0,"menu_order":9,"comment_status":"closed","ping_status":"closed","template":"","meta":{"_breakdance_hide_in_design_set":false,"_breakdance_tags":"","_vp_format_video_url":"","_vp_image_focal_point":[],"footnotes":""},"class_list":["post-38","page","type-page","status-publish","hentry"],"_links":{"self":[{"href":"https:\/\/loboandco.com\/es\/wp-json\/wp\/v2\/pages\/38","targetHints":{"allow":["GET"]}}],"collection":[{"href":"https:\/\/loboandco.com\/es\/wp-json\/wp\/v2\/pages"}],"about":[{"href":"https:\/\/loboandco.com\/es\/wp-json\/wp\/v2\/types\/page"}],"author":[{"embeddable":true,"href":"https:\/\/loboandco.com\/es\/wp-json\/wp\/v2\/users\/1"}],"replies":[{"embeddable":true,"href":"https:\/\/loboandco.com\/es\/wp-json\/wp\/v2\/comments?post=38"}],"version-history":[{"count":15,"href":"https:\/\/loboandco.com\/es\/wp-json\/wp\/v2\/pages\/38\/revisions"}],"predecessor-version":[{"id":296160,"href":"https:\/\/loboandco.com\/es\/wp-json\/wp\/v2\/pages\/38\/revisions\/296160"}],"wp:attachment":[{"href":"https:\/\/loboandco.com\/es\/wp-json\/wp\/v2\/media?parent=38"}],"curies":[{"name":"wp","href":"https:\/\/api.w.org\/{rel}","templated":true}]}}