{"id":292749,"date":"2024-08-17T09:42:42","date_gmt":"2024-08-17T15:42:42","guid":{"rendered":"https:\/\/loboandco.com\/?page_id=292749"},"modified":"2025-10-13T12:43:27","modified_gmt":"2025-10-13T18:43:27","slug":"brand-development","status":"publish","type":"page","link":"https:\/\/loboandco.com\/es\/brand-development\/","title":{"rendered":"Desarrollo de marca"},"content":{"rendered":"<section class=\"bde-section-292749-100 bde-section\" data-parallax=\"true\">\n              \n  \n  \n\t\n\n  <div class=\"section-background-overlay\"><\/div>\n\n\n<div class=\"section-container\"><div class=\"bde-div-292749-101 bde-div\">\n  \n  \n\t\n\n\n\n\n<\/div><div class=\"bde-div-292749-102 bde-div\">\n  \n  \n\t\n\n\n\n<div class=\"bde-grid-292749-103 bde-grid\">\n  \n  \n\t\n\n\n\n<div class=\"bde-div-292749-104 bde-div\">\n  \n  \n\t\n\n\n\n<h1 class=\"bde-heading-292749-105 bde-heading\">\nCree una marca que se gane la confianza\n<\/h1><div class=\"bde-rich-text-292749-107 bde-rich-text breakdance-rich-text-styles\">\n<p><strong>Tu marca es lo que la gente recuerda y lo que la lleva a elegirte.<\/strong> Ayudamos a las empresas de Houston a desarrollar marcas aut\u00e9nticas que inspiren confianza, atraigan clientes y destaquen en mercados competitivos.<\/p>\n<\/div><div class=\"bde-button-292749-108 bde-button\">\n        \n    \n    \n    \n    \n            \n                    \n            \n            \n\n    \n    \n    \n    \n    \n    <a class=\"breakdance-link button-atom button-atom--custom bde-button__button\" href=\"#expertise\" target=\"_self\" data-type=\"url\"  >\n\n    \n        <span class=\"button-atom__text\">Nuestra experiencia en marcas<\/span>\n\n                            \n        \n                <\/a>\n\n    \n\n\n<\/div>\n<\/div><div class=\"bde-div-292749-109 bde-div\">\n  \n  \n\t\n\n\n\n<div class=\"bde-image-292749-110 bde-image\" data-parallax=\"true\">\n<figure class=\"breakdance-image breakdance-image--293122\">\n\t<div class=\"breakdance-image-container\">\n\t\t<div class=\"breakdance-image-clip\"><img decoding=\"async\" class=\"breakdance-image-object\" src=\"https:\/\/loboandco.com\/wp-content\/uploads\/2024\/08\/PRECISION_wooden_logo_signage.webp\" width=\"1600\" height=\"1067\" srcset=\"https:\/\/loboandco.com\/wp-content\/uploads\/2024\/08\/PRECISION_wooden_logo_signage.webp 1600w, https:\/\/loboandco.com\/wp-content\/uploads\/2024\/08\/PRECISION_wooden_logo_signage-300x200.webp 300w, https:\/\/loboandco.com\/wp-content\/uploads\/2024\/08\/PRECISION_wooden_logo_signage-1024x683.webp 1024w, https:\/\/loboandco.com\/wp-content\/uploads\/2024\/08\/PRECISION_wooden_logo_signage-768x512.webp 768w, https:\/\/loboandco.com\/wp-content\/uploads\/2024\/08\/PRECISION_wooden_logo_signage-1536x1024.webp 1536w\" sizes=\"(max-width: 1600px) 100vw, 1600px\" alt=\"PRECISION wooden logo signage\" title=\"\"><\/div>\n\t<\/div><\/figure>\n\n<\/div>\n<\/div>\n<\/div>\n<\/div><img decoding=\"async\" class=\"bde-image2-292749-178 bde-image2\" src=\"https:\/\/loboandco.com\/wp-content\/uploads\/2021\/08\/Dance.webp\" loading=\"lazy\" srcset=\"https:\/\/loboandco.com\/wp-content\/uploads\/2021\/08\/Dance.webp 2160w, https:\/\/loboandco.com\/wp-content\/uploads\/2021\/08\/Dance-300x300.webp 300w, https:\/\/loboandco.com\/wp-content\/uploads\/2021\/08\/Dance-600x600.webp 600w, https:\/\/loboandco.com\/wp-content\/uploads\/2021\/08\/Dance-1024x1024.webp 1024w, https:\/\/loboandco.com\/wp-content\/uploads\/2021\/08\/Dance-150x150.webp 150w, https:\/\/loboandco.com\/wp-content\/uploads\/2021\/08\/Dance-768x768.webp 768w, https:\/\/loboandco.com\/wp-content\/uploads\/2021\/08\/Dance-1536x1536.webp 1536w, https:\/\/loboandco.com\/wp-content\/uploads\/2021\/08\/Dance-2048x2048.webp 2048w\" sizes=\"(max-width: 2160px) 100vw, 2160px\" alt=\"\" title=\"\"><\/div>\n<\/section><section id=\"expertise\" class=\"bde-section-292749-111 bde-section\">\n  \n  \n\t\n\n\n\n<div class=\"section-container\"><div class=\"bde-image-292749-112 bde-image ukiyo\">\n<figure class=\"breakdance-image breakdance-image--293546\">\n\t<div class=\"breakdance-image-container\">\n\t\t<div class=\"breakdance-image-clip\"><img decoding=\"async\" class=\"breakdance-image-object\" src=\"https:\/\/loboandco.com\/wp-content\/uploads\/2024\/08\/Digital-Marketing.webp\" width=\"1600\" height=\"1080\" srcset=\"https:\/\/loboandco.com\/wp-content\/uploads\/2024\/08\/Digital-Marketing.webp 1600w, https:\/\/loboandco.com\/wp-content\/uploads\/2024\/08\/Digital-Marketing-300x203.webp 300w, https:\/\/loboandco.com\/wp-content\/uploads\/2024\/08\/Digital-Marketing-1024x691.webp 1024w, https:\/\/loboandco.com\/wp-content\/uploads\/2024\/08\/Digital-Marketing-768x518.webp 768w, https:\/\/loboandco.com\/wp-content\/uploads\/2024\/08\/Digital-Marketing-1536x1037.webp 1536w\" sizes=\"(max-width: 1600px) 100vw, 1600px\" alt=\"Digital Marketing\" title=\"\"><\/div>\n\t<\/div><\/figure>\n\n<\/div><div class=\"bde-div-292749-113 bde-div\">\n              \n  \n  \n\t\n\n  <div class=\"section-background-overlay\"><\/div>\n\n\n<h2 class=\"bde-heading-292749-114 bde-heading bde-preset-b3ce8dd4-0556-4804-8949-340eb7436882\">\nEstrategia de marca\n<\/h2><div class=\"bde-rich-text-292749-115 bde-rich-text breakdance-rich-text-styles\">\n<p>Define tu voz, tu p\u00fablico y tu direcci\u00f3n. Crearemos una hoja de ruta clara para el crecimiento de tu marca.<\/p>\n<\/div><div class=\"bde-button-292749-171 bde-button\" data-entrance=\"slideLeft\">\n        \n    \n    \n    \n    \n            \n                    \n            \n            \n\n    \n    \n    \n    \n    \n    <a class=\"breakdance-link button-atom button-atom--text bde-button__button\" href=\"\/es\/houston-heights-brand-strategy\/\" target=\"_blank\" data-type=\"url\"  >\n\n    \n        <span class=\"button-atom__text\">Construye una base s\u00f3lida<\/span>\n\n        \n                    \n    <span class=\"button-atom__icon-wrapper\">\n\n        \n            <svg class=\"un-arrow-icon\" width=\"10\" height=\"10\" viewbox=\"0 0 10 10\" aria-hidden=\"true\">\n                <g fill-rule=\"evenodd\">\n                    <path class=\"un-arrow-icon_line\" d=\"M0 5h7\"><\/path>\n                    <path class=\"un-arrow-icon_arrow\" d=\"M1 1l4 4-4 4\"><\/path>\n                <\/g>\n            <\/svg>\n\n        \n    <\/span>\n\n\n        \n                <\/a>\n\n    \n\n\n<\/div>\n<\/div><\/div>\n<\/section><section class=\"bde-section-292749-118 bde-section\">\n  \n  \n\t\n\n\n\n<div class=\"section-container\"><div class=\"bde-div-292749-119 bde-div\">\n  \n  \n\t\n\n\n\n<h2 class=\"bde-heading-292749-162 bde-heading bde-preset-b3ce8dd4-0556-4804-8949-340eb7436882\">\nDenominaci\u00f3n\n<\/h2><div class=\"bde-rich-text-292749-163 bde-rich-text breakdance-rich-text-styles\">\n<p>Desde startups hasta cambios de marca, te ayudamos a encontrar un nombre que sea memorable, significativo y listo para salir al mercado.<\/p>\n<\/div><div class=\"bde-button-292749-164 bde-button\" data-entrance=\"slideLeft\">\n        \n    \n    \n    \n    \n            \n                    \n            \n            \n\n    \n    \n    \n    \n    \n    <a class=\"breakdance-link button-atom button-atom--text bde-button__button\" href=\"\/es\/houston-heights-naming\/\" target=\"_blank\" data-type=\"url\"  >\n\n    \n        <span class=\"button-atom__text\">Encuentre su identidad<\/span>\n\n        \n                    \n    <span class=\"button-atom__icon-wrapper\">\n\n        \n            <svg class=\"un-arrow-icon\" width=\"10\" height=\"10\" viewbox=\"0 0 10 10\" aria-hidden=\"true\">\n                <g fill-rule=\"evenodd\">\n                    <path class=\"un-arrow-icon_line\" d=\"M0 5h7\"><\/path>\n                    <path class=\"un-arrow-icon_arrow\" d=\"M1 1l4 4-4 4\"><\/path>\n                <\/g>\n            <\/svg>\n\n        \n    <\/span>\n\n\n        \n                <\/a>\n\n    \n\n\n<\/div>\n<\/div><div class=\"bde-image-292749-123 bde-image ukiyo\">\n<figure class=\"breakdance-image breakdance-image--293530\">\n\t<div class=\"breakdance-image-container\">\n\t\t<div class=\"breakdance-image-clip\"><img decoding=\"async\" class=\"breakdance-image-object\" src=\"https:\/\/loboandco.com\/wp-content\/uploads\/2024\/08\/Naming.avif\" width=\"1600\" height=\"1080\" sizes=\"(max-width: 1600px) 100vw, 1600px\" alt=\"Naming\" title=\"\"><\/div>\n\t<\/div><\/figure>\n\n<\/div><\/div>\n<\/section><section class=\"bde-section-292749-124 bde-section\">\n  \n  \n\t\n\n\n\n<div class=\"section-container\"><div class=\"bde-image-292749-125 bde-image ukiyo\">\n<figure class=\"breakdance-image breakdance-image--293579\">\n\t<div class=\"breakdance-image-container\">\n\t\t<div class=\"breakdance-image-clip\"><img decoding=\"async\" class=\"breakdance-image-object\" src=\"https:\/\/loboandco.com\/wp-content\/uploads\/2024\/08\/communications_services-4.webp\" width=\"1200\" height=\"932\" srcset=\"https:\/\/loboandco.com\/wp-content\/uploads\/2024\/08\/communications_services-4.webp 1200w, https:\/\/loboandco.com\/wp-content\/uploads\/2024\/08\/communications_services-4-300x233.webp 300w, https:\/\/loboandco.com\/wp-content\/uploads\/2024\/08\/communications_services-4-1024x795.webp 1024w, https:\/\/loboandco.com\/wp-content\/uploads\/2024\/08\/communications_services-4-768x596.webp 768w\" sizes=\"(max-width: 1200px) 100vw, 1200px\" alt=\"Houston Heights Marketing Consulting\" title=\"\"><\/div>\n\t<\/div><\/figure>\n\n<\/div><div class=\"bde-div-292749-126 bde-div\">\n              \n  \n  \n\t\n\n  <div class=\"section-background-overlay\"><\/div>\n\n\n<h2 class=\"bde-heading-292749-165 bde-heading bde-preset-b3ce8dd4-0556-4804-8949-340eb7436882\">\nConsultor\u00eda de mercadotecnia\n<\/h2><div class=\"bde-rich-text-292749-166 bde-rich-text breakdance-rich-text-styles\">\n<p>Obtenga asesoramiento experto sobre c\u00f3mo hacer crecer su negocio, conectar con los clientes adecuados y elevar la presencia de su marca.<\/p>\n<\/div><div class=\"bde-button-292749-167 bde-button\" data-entrance=\"slideLeft\">\n        \n    \n    \n    \n    \n            \n                    \n            \n            \n\n    \n    \n    \n    \n    \n    <a class=\"breakdance-link button-atom button-atom--text bde-button__button\" href=\"\/es\/marketing-consulting\/\" target=\"_blank\" data-type=\"url\"  >\n\n    \n        <span class=\"button-atom__text\">Construye una base s\u00f3lida<\/span>\n\n        \n                    \n    <span class=\"button-atom__icon-wrapper\">\n\n        \n            <svg class=\"un-arrow-icon\" width=\"10\" height=\"10\" viewbox=\"0 0 10 10\" aria-hidden=\"true\">\n                <g fill-rule=\"evenodd\">\n                    <path class=\"un-arrow-icon_line\" d=\"M0 5h7\"><\/path>\n                    <path class=\"un-arrow-icon_arrow\" d=\"M1 1l4 4-4 4\"><\/path>\n                <\/g>\n            <\/svg>\n\n        \n    <\/span>\n\n\n        \n                <\/a>\n\n    \n\n\n<\/div>\n<\/div><\/div>\n<\/section><section class=\"bde-section-292749-172 bde-section\">\n  \n  \n\t\n\n\n\n<div class=\"section-container\"><div class=\"bde-div-292749-173 bde-div\">\n  \n  \n\t\n\n\n\n<h2 class=\"bde-heading-292749-174 bde-heading bde-preset-b3ce8dd4-0556-4804-8949-340eb7436882\">\nComercializaci\u00f3n\n<\/h2><div class=\"bde-rich-text-292749-175 bde-rich-text breakdance-rich-text-styles\">\n<p>Tu marca merece destacar, y cada detalle cuenta. D\u00e9janos crear productos \u00fanicos que capturen tu esencia y conecten con tu p\u00fablico. Desde el concepto hasta la creaci\u00f3n, nos aseguramos de que tu marca cause una impresi\u00f3n duradera.<\/p>\n<\/div><div class=\"bde-button-292749-176 bde-button\" data-entrance=\"slideLeft\">\n        \n    \n    \n    \n    \n            \n                    \n            \n            \n\n    \n    \n    \n    \n    \n    <a class=\"breakdance-link button-atom button-atom--text bde-button__button\" href=\"\/es\/houston-heights-merchandising\/\" target=\"_blank\" data-type=\"url\"  >\n\n    \n        <span class=\"button-atom__text\">Descubre tu estilo<\/span>\n\n        \n                    \n    <span class=\"button-atom__icon-wrapper\">\n\n        \n            <svg class=\"un-arrow-icon\" width=\"10\" height=\"10\" viewbox=\"0 0 10 10\" aria-hidden=\"true\">\n                <g fill-rule=\"evenodd\">\n                    <path class=\"un-arrow-icon_line\" d=\"M0 5h7\"><\/path>\n                    <path class=\"un-arrow-icon_arrow\" d=\"M1 1l4 4-4 4\"><\/path>\n                <\/g>\n            <\/svg>\n\n        \n    <\/span>\n\n\n        \n                <\/a>\n\n    \n\n\n<\/div>\n<\/div><div class=\"bde-image-292749-177 bde-image ukiyo\">\n<figure class=\"breakdance-image breakdance-image--293124\">\n\t<div class=\"breakdance-image-container\">\n\t\t<div class=\"breakdance-image-clip\"><img decoding=\"async\" class=\"breakdance-image-object\" src=\"https:\/\/loboandco.com\/wp-content\/uploads\/2024\/08\/RENU_your_Credit_Hoodie_design_PREVIEW.webp\" width=\"1600\" height=\"1067\" srcset=\"https:\/\/loboandco.com\/wp-content\/uploads\/2024\/08\/RENU_your_Credit_Hoodie_design_PREVIEW.webp 1600w, https:\/\/loboandco.com\/wp-content\/uploads\/2024\/08\/RENU_your_Credit_Hoodie_design_PREVIEW-300x200.webp 300w, https:\/\/loboandco.com\/wp-content\/uploads\/2024\/08\/RENU_your_Credit_Hoodie_design_PREVIEW-1024x683.webp 1024w, https:\/\/loboandco.com\/wp-content\/uploads\/2024\/08\/RENU_your_Credit_Hoodie_design_PREVIEW-768x512.webp 768w, https:\/\/loboandco.com\/wp-content\/uploads\/2024\/08\/RENU_your_Credit_Hoodie_design_PREVIEW-1536x1024.webp 1536w\" sizes=\"(max-width: 1600px) 100vw, 1600px\" alt=\"RENU your Credit Hoodie design PREVIEW\" title=\"\"><\/div>\n\t<\/div><\/figure>\n\n<\/div><\/div>\n<\/section>","protected":false},"excerpt":{"rendered":"<p>Build a Brand That Earns Trust Your brand is how people remember\u2014and choose\u2014you. We help Houston businesses develop authentic brands that inspire confidence, attract customers, and stand out in competitive markets. Our Brand Expertise Brand Strategy Define your voice, your audience, and your direction. We\u2019ll create a clear roadmap for your brand\u2019s growth. Build a [&hellip;]<\/p>","protected":false},"author":1,"featured_media":0,"parent":0,"menu_order":4,"comment_status":"closed","ping_status":"closed","template":"","meta":{"_breakdance_hide_in_design_set":false,"_breakdance_tags":"","_vp_format_video_url":"","_vp_image_focal_point":[],"footnotes":""},"class_list":["post-292749","page","type-page","status-publish","hentry"],"_links":{"self":[{"href":"https:\/\/loboandco.com\/es\/wp-json\/wp\/v2\/pages\/292749","targetHints":{"allow":["GET"]}}],"collection":[{"href":"https:\/\/loboandco.com\/es\/wp-json\/wp\/v2\/pages"}],"about":[{"href":"https:\/\/loboandco.com\/es\/wp-json\/wp\/v2\/types\/page"}],"author":[{"embeddable":true,"href":"https:\/\/loboandco.com\/es\/wp-json\/wp\/v2\/users\/1"}],"replies":[{"embeddable":true,"href":"https:\/\/loboandco.com\/es\/wp-json\/wp\/v2\/comments?post=292749"}],"version-history":[{"count":6,"href":"https:\/\/loboandco.com\/es\/wp-json\/wp\/v2\/pages\/292749\/revisions"}],"predecessor-version":[{"id":296612,"href":"https:\/\/loboandco.com\/es\/wp-json\/wp\/v2\/pages\/292749\/revisions\/296612"}],"wp:attachment":[{"href":"https:\/\/loboandco.com\/es\/wp-json\/wp\/v2\/media?parent=292749"}],"curies":[{"name":"wp","href":"https:\/\/api.w.org\/{rel}","templated":true}]}}